{"id":44,"date":"2023-02-17T19:17:41","date_gmt":"2023-02-17T19:17:41","guid":{"rendered":"https:\/\/wakoda.de\/?page_id=44"},"modified":"2026-04-05T07:42:58","modified_gmt":"2026-04-05T07:42:58","slug":"start","status":"publish","type":"page","link":"https:\/\/wakoda.de\/","title":{"rendered":"Start"},"content":{"rendered":"<div class=\"et_pb_section_0 et_pb_section et_section_regular et_block_section\">\n<div class=\"et_pb_row_0 et_pb_row et_flex_row\">\n<div class=\"et_pb_column_0 et_pb_column et_block_column et_pb_css_mix_blend_mode_passthrough et_flex_column_12_24 et_flex_column_12_24_tablet et_flex_column_24_24_phone et_flex_column_12_24_widescreen\">\n<div class=\"et_pb_text_0 et_pb_text et_pb_bg_layout_light et_pb_module et_block_module\"><div class=\"et_pb_text_inner\"><h1>Demokratie braucht<\/h1>\n<h1>Struktur,<\/h1>\n<h1>Klarheit und Menschen, die handeln.<\/h1>\n<p><!-- wp:social-links --><\/p>\n<ul class=\"wp-block-social-links\"><!-- wp:social-link {\"url\":\"https:\/\/gravatar.com\/mywakoda\",\"service\":\"gravatar\",\"rel\":\"me\"} \/--><\/ul>\n<p><!-- \/wp:social-links --><\/p>\n<\/div><\/div>\n\n<div class=\"et_pb_text_1 et_pb_text et_pb_bg_layout_light et_pb_module et_flex_module\"><div class=\"et_pb_text_inner\"><p><span>Wir sind ein wertebasiertes Aktionsb\u00fcndnis f\u00fcr demokratische Bildung, faktenbasierte Information, gesellschaftliche Vernetzung und den Schutz unseres Grundgesetzes.<\/span><\/p>\n<\/div><\/div>\n<\/div>\n\n<div class=\"et_pb_column_1 et_pb_column et-last-child et_flex_column et_pb_css_mix_blend_mode_passthrough et_flex_column_12_24 et_flex_column_12_24_tablet et_flex_column_24_24_phone et_flex_column_12_24_widescreen\">\n<div class=\"et_pb_blurb_0 et_pb_blurb et_pb_bg_layout_dark et_pb_blurb_position_top et_pb_module et_flex_module\"><div class=\"et_pb_blurb_content et_flex_module\"><div class=\"et_pb_main_blurb_image\"><span class=\"et_pb_image_wrap et_pb_only_image_mode_wrap\"><img loading=\"lazy\" decoding=\"async\" src=\"https:\/\/wakoda.de\/wp-content\/uploads\/2026\/03\/cropped-wak-logo-top.png\" width=\"109\" height=\"100\" srcset=\"https:\/\/wakoda.de\/wp-content\/uploads\/2026\/03\/cropped-wak-logo-top.png 109w\" sizes=\"(max-width: 109px) 100vw, 109px\" class=\"et_animated wp-image-333\" title=\"cropped-wak-logo-top.png\" \/><\/span><\/div><div class=\"et_pb_blurb_container\"><h4 class=\"et_pb_module_header\">Wof\u00fcr wir stehen<\/h4><div class=\"et_pb_blurb_description\"><p>Aufkl\u00e4rung - Bildung - Soziales<\/p>\n<\/div><\/div><\/div><\/div>\n\n<div class=\"et_pb_blurb_1 et_pb_blurb et_pb_bg_layout_dark et_pb_blurb_position_left et_pb_module et_flex_module\"><div class=\"et_pb_blurb_content et_flex_module\"><div class=\"et_pb_main_blurb_image\"><span class=\"et_pb_image_wrap\"><span class=\"et-pb-icon et_animated et_animated\" title=\"cropped-wak-logo-top.png\">=<\/span><\/span><\/div><div class=\"et_pb_blurb_container\"><h4 class=\"et_pb_module_header\">F\u00fcr Aufkl\u00e4rung, gegen Desinformation.<\/h4><div class=\"et_pb_blurb_description\"><p>Wir aktivieren uns gegen Menschenfeindlichkeit und demokratiefeindliche Narrative.<\/p>\n<\/div><\/div><\/div><\/div>\n\n<div class=\"et_pb_blurb_2 et_pb_blurb et_pb_bg_layout_dark et_pb_blurb_position_left et_pb_module et_flex_module\"><div class=\"et_pb_blurb_content et_flex_module\"><div class=\"et_pb_main_blurb_image\"><span class=\"et_pb_image_wrap\"><span class=\"et-pb-icon et_animated et_animated\" title=\"cropped-wak-logo-top.png\">=<\/span><\/span><\/div><div class=\"et_pb_blurb_container\"><h4 class=\"et_pb_module_header\">F\u00fcr Bildungs- und Kulturarbeit\u00a0<\/h4><div class=\"et_pb_blurb_description\"><p>Bildungs- und Kulturarbeit, die historische Verantwortung und demokratische Urteilskraft st\u00e4rkt.<\/p>\n<\/div><\/div><\/div><\/div>\n\n<div class=\"et_pb_blurb_3 et_pb_blurb et_pb_bg_layout_dark et_pb_blurb_position_left et_pb_module et_flex_module\"><div class=\"et_pb_blurb_content et_flex_module\"><div class=\"et_pb_main_blurb_image\"><span class=\"et_pb_image_wrap\"><span class=\"et-pb-icon et_animated et_animated\" title=\"cropped-wak-logo-top.png\">=<\/span><\/span><\/div><div class=\"et_pb_blurb_container\"><h4 class=\"et_pb_module_header\">F\u00fcr eine belastbare Gegenstruktur zu Ohnmacht<\/h4><div class=\"et_pb_blurb_description\"><p>Gesellschaftliche Spaltung und \u00f6ffentliche Manipulation sind angekommen. Wir sind der Meinung es muss viele B\u00fcndnisse wie unsere geben.<\/p>\n<\/div><\/div><\/div><\/div>\n<\/div>\n<\/div>\n\n<div class=\"et_pb_row_1 et_pb_row et_flex_row\">\n<div class=\"et_pb_column_2 et_pb_column et_flex_column et_pb_column_empty et_pb_css_mix_blend_mode_passthrough et_flex_column_6_24 et_flex_column_12_24_tablet et_flex_column_24_24_phone et_flex_column_6_24_widescreen\"><\/div>\n\n<div class=\"et_pb_column_3 et_pb_column et_flex_column et_pb_css_mix_blend_mode_passthrough et_flex_column_6_24 et_flex_column_12_24_tablet et_flex_column_24_24_phone et_flex_column_6_24_widescreen\">\n<div class=\"et_pb_module et_pb_button_module_wrapper et_pb_button_0_wrapper\"><a class=\"et_pb_button_0 et_pb_button et_pb_bg_layout_dark et_animated et_pb_module et_flex_module\" href=\"https:\/\/wakoda.de\/index.php\/sample-page\/\">Mehr erfahren<\/a><\/div>\n<\/div>\n\n<div class=\"et_pb_column_4 et_pb_column et_flex_column et_pb_css_mix_blend_mode_passthrough et_flex_column_6_24 et_flex_column_12_24_tablet et_flex_column_24_24_phone et_flex_column_6_24_widescreen\">\n<div class=\"et_pb_module et_pb_button_module_wrapper et_pb_button_1_wrapper\"><a class=\"et_pb_button_1 et_pb_button et_pb_bg_layout_light et_animated et_pb_module et_flex_module\" href=\"https:\/\/wakoda.de\/index.php\/kontakt\/\" data-icon=\"5\">Jetzt vernetzen<\/a><\/div>\n<\/div>\n\n<div class=\"et_pb_column_5 et_pb_column et-last-child et_flex_column et_pb_column_empty et_pb_css_mix_blend_mode_passthrough et_flex_column_6_24 et_flex_column_12_24_tablet et_flex_column_24_24_phone et_flex_column_6_24_widescreen\"><\/div>\n<\/div>\n<\/div>\n\n<div class=\"et_pb_section_1 et_pb_section et_section_regular et_block_section\">\n<div class=\"et_pb_row_2 et_pb_row et_flex_row\">\n<div class=\"et_pb_column_6 et_pb_column et-last-child et_flex_column et_pb_css_mix_blend_mode_passthrough et_flex_column_3_5 et_flex_column_3_5_tablet et_flex_column_24_24_phone et_flex_column_3_5_widescreen\">\n<div class=\"et_pb_heading_0 et_pb_heading et_pb_module et_flex_module\"><div class=\"et_pb_heading_container\"><h1 class=\"et_pb_module_header\">Demokratie ger\u00e4t unter Druck, wenn Wahrheit, W\u00fcrde und soziale Gerechtigkeit erodieren.<\/h1><\/div><\/div>\n\n<div class=\"et_pb_text_2 et_pb_text et_pb_bg_layout_light et_pb_module et_flex_module\"><div class=\"et_pb_text_inner\"><p><span>Unser Ansatz verbindet politische Bildung, \u00f6ffentliche Einordnung, kulturelle Demokratiearbeit und konkrete Vernetzung. Wir wollen Menschen nicht nur erreichen, sondern bef\u00e4higen<\/span><\/p>\n<\/div><\/div>\n<\/div>\n<\/div>\n\n<div class=\"et_pb_row_3 et_pb_row et_flex_row\">\n<div class=\"et_pb_column_7 et_pb_column et_flex_column et_pb_css_mix_blend_mode_passthrough et_flex_column_12_24 et_flex_column_12_24_tablet et_flex_column_24_24_phone et_flex_column_12_24_widescreen\">\n<div class=\"et_pb_text_3 et_pb_text et_pb_bg_layout_light et_pb_module et_flex_module\"><div class=\"et_pb_text_inner\"><h3><strong>Die Lage<\/strong><\/h3>\n<p>Demokratische Gesellschaften werden nicht nur durch offenen Extremismus bedroht. Gefahr entsteht auch dort, wo Desinformation gezielt gestreut wird, wirtschaftliche Macht \u00f6ffentliche Debatten verzerrt, soziale Ohnmacht w\u00e4chst und Menschen gegeneinander ausgespielt werden.<\/p>\n<\/div><\/div>\n<\/div>\n\n<div class=\"et_pb_column_8 et_pb_column et-last-child et_flex_column et_pb_css_mix_blend_mode_passthrough et_flex_column_12_24 et_flex_column_12_24_tablet et_flex_column_24_24_phone et_flex_column_12_24_widescreen\">\n<div class=\"et_pb_text_4 et_pb_text et_pb_bg_layout_light et_pb_module et_flex_module\"><div class=\"et_pb_text_inner\"><h3><strong>Unser Auftrag<\/strong><\/h3>\n<p>Wir entwickeln ein zivilgesellschaftliches Netzwerk, das Demokratie nicht nur symbolisch verteidigt, sondern praktisch st\u00e4rkt: durch Information, Bildung, Vernetzung und rechtsstaatlich orientierte Schutzstrukturen.<\/p>\n<p>&nbsp;<\/p>\n<\/div><\/div>\n<\/div>\n<\/div>\n\n<div class=\"et_pb_row_4 et_pb_row et_flex_row\">\n<div class=\"et_pb_column_9 et_pb_column et-last-child et_flex_column et_pb_css_mix_blend_mode_passthrough et_flex_column_3_5 et_flex_column_3_5_tablet et_flex_column_24_24_phone et_flex_column_3_5_widescreen\">\n<div class=\"et_pb_heading_1 et_pb_heading et_pb_module et_flex_module\"><div class=\"et_pb_heading_container\"><h1 class=\"et_pb_module_header\">Unsere Hebel f\u00fcr demokratische Wirksamkeit<\/h1><\/div><\/div>\n\n<div class=\"et_pb_text_5 et_pb_text et_pb_bg_layout_light et_pb_module et_flex_module\"><div class=\"et_pb_text_inner\"><p><span>Wir verbinden Kommunikation, Bildung, Netzwerkaufbau und Fr\u00fcherkennung. So entsteht aus Haltung gesellschaftliche Handlungsf\u00e4higkeit.<\/span><\/p>\n<\/div><\/div>\n<\/div>\n<\/div>\n\n<div class=\"et_pb_row_5 et_pb_row et_flex_row\">\n<div class=\"et_pb_column_10 et_pb_column et_flex_column et_pb_css_mix_blend_mode_passthrough et_flex_column_6_24 et_flex_column_12_24_tablet et_flex_column_24_24_phone et_flex_column_6_24_widescreen\">\n<div class=\"et_pb_blurb_4 et_pb_blurb et_pb_bg_layout_light et_pb_blurb_position_top et_pb_module et_flex_module\"><div class=\"et_pb_blurb_content et_flex_module\"><div class=\"et_pb_blurb_container\"><h4 class=\"et_pb_module_header\">Information & Aufkl\u00e4rung<\/h4><div class=\"et_pb_blurb_description\"><p><span>Wir analysieren Narrative, ordnen Entwicklungen ein und machen komplexe Zusammenh\u00e4nge verst\u00e4ndlich. Gegen Desinformation setzen wir \u00fcberpr\u00fcfbare Einordnung, Klarheit und Reichweite.<\/span><\/p>\n<\/div><\/div><\/div><\/div>\n<\/div>\n\n<div class=\"et_pb_column_11 et_pb_column et_flex_column et_pb_css_mix_blend_mode_passthrough et_flex_column_6_24 et_flex_column_12_24_tablet et_flex_column_24_24_phone et_flex_column_6_24_widescreen\">\n<div class=\"et_pb_blurb_5 et_pb_blurb et_pb_bg_layout_light et_pb_blurb_position_top et_pb_module et_flex_module\"><div class=\"et_pb_blurb_content et_flex_module\"><div class=\"et_pb_blurb_container\"><h4 class=\"et_pb_module_header\">Demokratiebildung & Kultur<\/h4><div class=\"et_pb_blurb_description\"><p><span>Demokratie lebt nicht allein von Gesetzen. Sie braucht Sprache, Haltung, historische Orientierung und kulturelle R\u00e4ume, in denen Verantwortung gelernt und weitergegeben wird.<\/span><\/p>\n<\/div><\/div><\/div><\/div>\n<\/div>\n\n<div class=\"et_pb_column_12 et_pb_column et_flex_column et_pb_css_mix_blend_mode_passthrough et_flex_column_6_24 et_flex_column_12_24_tablet et_flex_column_24_24_phone et_flex_column_6_24_widescreen\">\n<div class=\"et_pb_blurb_6 et_pb_blurb et_pb_bg_layout_light et_pb_blurb_position_top et_pb_module et_flex_module\"><div class=\"et_pb_blurb_content et_flex_module\"><div class=\"et_pb_blurb_container\"><h4 class=\"et_pb_module_header\">Vernetzung & Mitwirkung<\/h4><div class=\"et_pb_blurb_description\"><p><span>Wir bringen kompetente Demokratinnen und Demokraten zusammen. Wissen, Erfahrung und praktische F\u00e4higkeiten sollen nicht vereinzelt bleiben, sondern wirksam verbunden werden.<\/span><\/p>\n<\/div><\/div><\/div><\/div>\n<\/div>\n\n<div class=\"et_pb_column_13 et_pb_column et-last-child et_flex_column et_pb_css_mix_blend_mode_passthrough et_flex_column_6_24 et_flex_column_12_24_tablet et_flex_column_24_24_phone et_flex_column_6_24_widescreen\">\n<div class=\"et_pb_blurb_7 et_pb_blurb et_pb_bg_layout_light et_pb_blurb_position_top et_pb_module et_flex_module\"><div class=\"et_pb_blurb_content et_flex_module\"><div class=\"et_pb_blurb_container\"><h4 class=\"et_pb_module_header\">Fr\u00fcherkennung & Schutz\r\n<\/h4><div class=\"et_pb_blurb_description\"><p><span>Wo demokratie-feindliche Dynamiken wachsen, braucht es Aufmerksamkeit, Einordnung und rechtsstaatlich orientierte Reaktionsf\u00e4higkeit. Sensibilisierung ist ein demokratischer Schutzfaktor.<\/span><\/p>\n<\/div><\/div><\/div><\/div>\n<\/div>\n<\/div>\n<\/div>\n\n<div class=\"et_pb_section_2 et_pb_section et_section_regular et_block_section\">\n<div class=\"et_pb_row_6 et_pb_row et_flex_row\">\n<div class=\"et_pb_column_14 et_pb_column et_flex_column et_pb_css_mix_blend_mode_passthrough et_flex_column_8_24 et_flex_column_8_24_tablet et_flex_column_24_24_phone et_flex_column_8_24_widescreen\">\n<div class=\"et_pb_blurb_8 et_pb_blurb et_pb_bg_layout_dark et_pb_blurb_position_top et_pb_module et_flex_module\"><div class=\"et_pb_blurb_content et_flex_module\"><div class=\"et_pb_blurb_container\"><h4 class=\"et_pb_module_header\">Menschenw\u00fcrde ist nicht verhandelbar.<\/h4><div class=\"et_pb_blurb_description\"><p><span>Jede Form von Entmenschlichung, Ausgrenzung und politischer Instrumentalisierung von Menschen steht im Widerspruch zu demokratischer Kultur.<\/span><\/p>\n<\/div><\/div><\/div><\/div>\n<\/div>\n\n<div class=\"et_pb_column_15 et_pb_column et_flex_column et_pb_css_mix_blend_mode_passthrough et_flex_column_8_24 et_flex_column_8_24_tablet et_flex_column_24_24_phone et_flex_column_8_24_widescreen\">\n<div class=\"et_pb_heading_2 et_pb_heading et_pb_module et_flex_module\"><div class=\"et_pb_heading_container\"><h1 class=\"et_pb_module_header\">Unsere Grundhaltung<\/h1><\/div><\/div>\n\n<div class=\"et_pb_blurb_9 et_pb_blurb et_pb_bg_layout_dark et_pb_blurb_position_top et_pb_module et_flex_module\"><div class=\"et_pb_blurb_content et_flex_module\"><div class=\"et_pb_blurb_container\"><h4 class=\"et_pb_module_header\">Demokratie ist mehr als ein Wahlsystem.<\/h4><div class=\"et_pb_blurb_description\"><p><span>Sie lebt von Bildung, sozialer Teilhabe, faktenbasierter Debatte, Verantwortung und einer aktiven Zivilgesellschaft.<\/span><\/p>\n<\/div><\/div><\/div><\/div>\n<\/div>\n\n<div class=\"et_pb_column_16 et_pb_column et_flex_column et_pb_css_mix_blend_mode_passthrough et_flex_column_8_24 et_flex_column_8_24_tablet et_flex_column_24_24_phone et_flex_column_8_24_widescreen\">\n<div class=\"et_pb_blurb_10 et_pb_blurb et_pb_bg_layout_dark et_pb_blurb_position_top et_pb_module et_flex_module\"><div class=\"et_pb_blurb_content et_flex_module\"><div class=\"et_pb_blurb_container\"><h4 class=\"et_pb_module_header\">Aufkl\u00e4rung und Bildung sind ein Schutzfaktor.<\/h4><div class=\"et_pb_blurb_description\"><p><span>Wer Zusammenh\u00e4nge versteht, ist weniger anf\u00e4llig f\u00fcr Manipulation, Radikalisierung und demokratiefeindliche Vereinfachungen.<\/span><\/p>\n<\/div><\/div><\/div><\/div>\n<\/div>\n\n<div class=\"et_pb_column_17 et_pb_column et_flex_column et_pb_css_mix_blend_mode_passthrough et_flex_column_8_24 et_flex_column_8_24_tablet et_flex_column_24_24_phone et_flex_column_8_24_widescreen\">\n<div class=\"et_pb_blurb_11 et_pb_blurb et_pb_bg_layout_dark et_pb_blurb_position_top et_pb_module et_flex_module\"><div class=\"et_pb_blurb_content et_flex_module\"><div class=\"et_pb_blurb_container\"><h4 class=\"et_pb_module_header\">Soziale Gerechtigkeit stabilisiert Demokratie.<\/h4><div class=\"et_pb_blurb_description\"><p><span>Wo Ohnmacht und Ungleichheit wachsen, geraten Vertrauen, Zusammenhalt und politische Teilhabe unter Druck.<\/span><\/p>\n<\/div><\/div><\/div><\/div>\n<\/div>\n\n<div class=\"et_pb_column_18 et_pb_column et_flex_column et_pb_css_mix_blend_mode_passthrough et_flex_column_8_24 et_flex_column_8_24_tablet et_flex_column_24_24_phone et_flex_column_8_24_widescreen\">\n<div class=\"et_pb_blurb_12 et_pb_blurb et_pb_bg_layout_dark et_pb_blurb_position_top et_pb_module et_flex_module\"><div class=\"et_pb_blurb_content et_flex_module\"><div class=\"et_pb_blurb_container\"><h4 class=\"et_pb_module_header\">Kulturelle R\u00e4ume pr\u00e4gen Haltung.<\/h4><div class=\"et_pb_blurb_description\"><p><span>Demokratische Werte werden nicht nur erkl\u00e4rt, sondern auch erz\u00e4hlt, erlebt, ge\u00fcbt und gesellschaftlich sichtbar gemacht.<\/span><\/p>\n<\/div><\/div><\/div><\/div>\n<\/div>\n\n<div class=\"et_pb_column_19 et_pb_column et-last-child et_flex_column et_pb_css_mix_blend_mode_passthrough et_flex_column_8_24 et_flex_column_8_24_tablet et_flex_column_24_24_phone et_flex_column_8_24_widescreen\">\n<div class=\"et_pb_blurb_13 et_pb_blurb et_pb_bg_layout_dark et_pb_blurb_position_top et_pb_module et_flex_module\"><div class=\"et_pb_blurb_content et_flex_module\"><div class=\"et_pb_blurb_container\"><h4 class=\"et_pb_module_header\">Vernetzung schafft Wirksamkeit.<\/h4><div class=\"et_pb_blurb_description\"><p><span>Einzelne Stimmen sind wichtig. Verbundene Kompetenzen schaffen jedoch die Reichweite, Stabilit\u00e4t und Reaktionsf\u00e4higkeit, die Demokratie heute braucht.<\/span><\/p>\n<\/div><\/div><\/div><\/div>\n<\/div>\n<\/div>\n<\/div>","protected":false},"excerpt":{"rendered":"","protected":false},"author":1,"featured_media":0,"parent":0,"menu_order":1,"comment_status":"closed","ping_status":"closed","template":"","meta":{"footnotes":""},"class_list":["post-44","page","type-page","status-publish","hentry"],"yoast_head":"<!-- This site is optimized with the Yoast SEO plugin v27.5 - https:\/\/yoast.com\/product\/yoast-seo-wordpress\/ -->\n<title>Start - WAkoDA<\/title>\n<meta name=\"robots\" content=\"index, follow, max-snippet:-1, max-image-preview:large, max-video-preview:-1\" \/>\n<link rel=\"canonical\" href=\"https:\/\/wakoda.de\/\" \/>\n<meta property=\"og:locale\" content=\"de_DE\" \/>\n<meta property=\"og:type\" content=\"article\" \/>\n<meta property=\"og:title\" content=\"Start - WAkoDA\" \/>\n<meta property=\"og:url\" content=\"https:\/\/wakoda.de\/\" \/>\n<meta property=\"og:site_name\" content=\"WAkoDA\" \/>\n<meta property=\"article:publisher\" content=\"https:\/\/www.facebook.com\/WAKODA\" \/>\n<meta property=\"article:modified_time\" content=\"2026-04-05T07:42:58+00:00\" \/>\n<meta name=\"twitter:card\" content=\"summary_large_image\" \/>\n<meta name=\"twitter:label1\" content=\"Gesch\u00e4tzte Lesezeit\" \/>\n\t<meta name=\"twitter:data1\" content=\"1\u00a0Minute\" \/>\n<script type=\"application\/ld+json\" class=\"yoast-schema-graph\">{\"@context\":\"https:\\\/\\\/schema.org\",\"@graph\":[{\"@type\":\"WebPage\",\"@id\":\"https:\\\/\\\/wakoda.de\\\/\",\"url\":\"https:\\\/\\\/wakoda.de\\\/\",\"name\":\"Start - WAkoDA\",\"isPartOf\":{\"@id\":\"https:\\\/\\\/wakoda.de\\\/#website\"},\"datePublished\":\"2023-02-17T19:17:41+00:00\",\"dateModified\":\"2026-04-05T07:42:58+00:00\",\"breadcrumb\":{\"@id\":\"https:\\\/\\\/wakoda.de\\\/#breadcrumb\"},\"inLanguage\":\"de\",\"potentialAction\":[{\"@type\":\"ReadAction\",\"target\":[\"https:\\\/\\\/wakoda.de\\\/\"]}]},{\"@type\":\"BreadcrumbList\",\"@id\":\"https:\\\/\\\/wakoda.de\\\/#breadcrumb\",\"itemListElement\":[{\"@type\":\"ListItem\",\"position\":1,\"name\":\"Startseite\",\"item\":\"https:\\\/\\\/wakoda.de\\\/\"},{\"@type\":\"ListItem\",\"position\":2,\"name\":\"Start\"}]},{\"@type\":\"WebSite\",\"@id\":\"https:\\\/\\\/wakoda.de\\\/#website\",\"url\":\"https:\\\/\\\/wakoda.de\\\/\",\"name\":\"WAkoDA\",\"description\":\"Wertebasiertes Aktionsb\u00fcndnis f\u00fcr kooperative Demokratie-Absicherung.\",\"publisher\":{\"@id\":\"https:\\\/\\\/wakoda.de\\\/#organization\"},\"potentialAction\":[{\"@type\":\"SearchAction\",\"target\":{\"@type\":\"EntryPoint\",\"urlTemplate\":\"https:\\\/\\\/wakoda.de\\\/?s={search_term_string}\"},\"query-input\":{\"@type\":\"PropertyValueSpecification\",\"valueRequired\":true,\"valueName\":\"search_term_string\"}}],\"inLanguage\":\"de\"},{\"@type\":\"Organization\",\"@id\":\"https:\\\/\\\/wakoda.de\\\/#organization\",\"name\":\"WAKODA\",\"url\":\"https:\\\/\\\/wakoda.de\\\/\",\"logo\":{\"@type\":\"ImageObject\",\"inLanguage\":\"de\",\"@id\":\"https:\\\/\\\/wakoda.de\\\/#\\\/schema\\\/logo\\\/image\\\/\",\"url\":\"https:\\\/\\\/wakoda.de\\\/wp-content\\\/uploads\\\/2026\\\/03\\\/cropped-wak-logo-top1.png\",\"contentUrl\":\"https:\\\/\\\/wakoda.de\\\/wp-content\\\/uploads\\\/2026\\\/03\\\/cropped-wak-logo-top1.png\",\"width\":180,\"height\":70,\"caption\":\"WAKODA\"},\"image\":{\"@id\":\"https:\\\/\\\/wakoda.de\\\/#\\\/schema\\\/logo\\\/image\\\/\"},\"sameAs\":[\"https:\\\/\\\/www.facebook.com\\\/WAKODA\"]}]}<\/script>\n<!-- \/ Yoast SEO plugin. -->","yoast_head_json":{"title":"Start - WAkoDA","robots":{"index":"index","follow":"follow","max-snippet":"max-snippet:-1","max-image-preview":"max-image-preview:large","max-video-preview":"max-video-preview:-1"},"canonical":"https:\/\/wakoda.de\/","og_locale":"de_DE","og_type":"article","og_title":"Start - WAkoDA","og_url":"https:\/\/wakoda.de\/","og_site_name":"WAkoDA","article_publisher":"https:\/\/www.facebook.com\/WAKODA","article_modified_time":"2026-04-05T07:42:58+00:00","twitter_card":"summary_large_image","twitter_misc":{"Gesch\u00e4tzte Lesezeit":"1\u00a0Minute"},"schema":{"@context":"https:\/\/schema.org","@graph":[{"@type":"WebPage","@id":"https:\/\/wakoda.de\/","url":"https:\/\/wakoda.de\/","name":"Start - WAkoDA","isPartOf":{"@id":"https:\/\/wakoda.de\/#website"},"datePublished":"2023-02-17T19:17:41+00:00","dateModified":"2026-04-05T07:42:58+00:00","breadcrumb":{"@id":"https:\/\/wakoda.de\/#breadcrumb"},"inLanguage":"de","potentialAction":[{"@type":"ReadAction","target":["https:\/\/wakoda.de\/"]}]},{"@type":"BreadcrumbList","@id":"https:\/\/wakoda.de\/#breadcrumb","itemListElement":[{"@type":"ListItem","position":1,"name":"Startseite","item":"https:\/\/wakoda.de\/"},{"@type":"ListItem","position":2,"name":"Start"}]},{"@type":"WebSite","@id":"https:\/\/wakoda.de\/#website","url":"https:\/\/wakoda.de\/","name":"WAkoDA","description":"Wertebasiertes Aktionsb\u00fcndnis f\u00fcr kooperative Demokratie-Absicherung.","publisher":{"@id":"https:\/\/wakoda.de\/#organization"},"potentialAction":[{"@type":"SearchAction","target":{"@type":"EntryPoint","urlTemplate":"https:\/\/wakoda.de\/?s={search_term_string}"},"query-input":{"@type":"PropertyValueSpecification","valueRequired":true,"valueName":"search_term_string"}}],"inLanguage":"de"},{"@type":"Organization","@id":"https:\/\/wakoda.de\/#organization","name":"WAKODA","url":"https:\/\/wakoda.de\/","logo":{"@type":"ImageObject","inLanguage":"de","@id":"https:\/\/wakoda.de\/#\/schema\/logo\/image\/","url":"https:\/\/wakoda.de\/wp-content\/uploads\/2026\/03\/cropped-wak-logo-top1.png","contentUrl":"https:\/\/wakoda.de\/wp-content\/uploads\/2026\/03\/cropped-wak-logo-top1.png","width":180,"height":70,"caption":"WAKODA"},"image":{"@id":"https:\/\/wakoda.de\/#\/schema\/logo\/image\/"},"sameAs":["https:\/\/www.facebook.com\/WAKODA"]}]}},"_links":{"self":[{"href":"https:\/\/wakoda.de\/index.php\/wp-json\/wp\/v2\/pages\/44","targetHints":{"allow":["GET"]}}],"collection":[{"href":"https:\/\/wakoda.de\/index.php\/wp-json\/wp\/v2\/pages"}],"about":[{"href":"https:\/\/wakoda.de\/index.php\/wp-json\/wp\/v2\/types\/page"}],"author":[{"embeddable":true,"href":"https:\/\/wakoda.de\/index.php\/wp-json\/wp\/v2\/users\/1"}],"replies":[{"embeddable":true,"href":"https:\/\/wakoda.de\/index.php\/wp-json\/wp\/v2\/comments?post=44"}],"version-history":[{"count":31,"href":"https:\/\/wakoda.de\/index.php\/wp-json\/wp\/v2\/pages\/44\/revisions"}],"predecessor-version":[{"id":459,"href":"https:\/\/wakoda.de\/index.php\/wp-json\/wp\/v2\/pages\/44\/revisions\/459"}],"wp:attachment":[{"href":"https:\/\/wakoda.de\/index.php\/wp-json\/wp\/v2\/media?parent=44"}],"curies":[{"name":"wp","href":"https:\/\/api.w.org\/{rel}","templated":true}]}}