{"id":2,"date":"2023-02-13T12:34:45","date_gmt":"2023-02-13T12:34:45","guid":{"rendered":"https:\/\/wakoda.de\/?page_id=2"},"modified":"2026-04-25T22:51:26","modified_gmt":"2026-04-25T22:51:26","slug":"sample-page","status":"publish","type":"page","link":"https:\/\/wakoda.de\/index.php\/sample-page\/","title":{"rendered":"\u00dcber diese Seiten"},"content":{"rendered":"<div class=\"et_pb_section_0 et_pb_section et_section_regular et_block_section\">\n<div class=\"et_pb_row_0 et_pb_row et_flex_row\">\n<div class=\"et_pb_column_0 et_pb_column et_block_column et_pb_css_mix_blend_mode_passthrough et_flex_column_12_24 et_flex_column_12_24_tablet et_flex_column_24_24_phone et_flex_column_12_24_widescreen\">\n<div class=\"et_pb_text_0 et_pb_text et_pb_bg_layout_light et_pb_module et_block_module\"><div class=\"et_pb_text_inner\"><h1>Demokratie braucht<\/h1>\n<h1>Haltung, Bildung und Zusammenhalt.<\/h1>\n<p><!-- wp:social-links --><\/p>\n<ul class=\"wp-block-social-links\"><!-- wp:social-link {\"url\":\"https:\/\/gravatar.com\/mywakoda\",\"service\":\"gravatar\",\"rel\":\"me\"} \/--><\/ul>\n<p><!-- \/wp:social-links --><\/p>\n<\/div><\/div>\n\n<div class=\"et_pb_text_1 et_pb_text et_pb_bg_layout_light et_pb_module et_flex_module\"><div class=\"et_pb_text_inner\"><p>Diese Seiten verstehen Demokratie als fortlaufenden Prozess gesellschaftlicher Verst\u00e4ndigung. Demokratie lebt von Beteiligung, von Vertrauen, von Verantwortung und von der Bereitschaft, Unterschiede auszuhalten, ohne den gemeinsamen Rahmen zu verlieren.<\/p>\n<p><span>Pluralistische Gesellschaften unterliegen der Bedingung dauerhafter Anpassung. Also einer permanenten Transformation und im Idealfall zu einer noch besseren Gesellschaft. Das dabei Reibung entsteht ist unvermeidlich.\u00a0<\/span><\/p>\n<\/div><\/div>\n<\/div>\n\n<div class=\"et_pb_column_1 et_pb_column et-last-child et_flex_column et_pb_css_mix_blend_mode_passthrough et_flex_column_12_24 et_flex_column_12_24_tablet et_flex_column_24_24_phone et_flex_column_12_24_widescreen\">\n<div class=\"et_pb_blurb_0 et_pb_blurb et_pb_bg_layout_dark et_pb_blurb_position_top et_pb_module et_flex_module\"><div class=\"et_pb_blurb_content et_flex_module\"><div class=\"et_pb_blurb_container\"><h4 class=\"et_pb_module_header\">Was machen wir<\/h4><\/div><\/div><\/div>\n\n<div class=\"et_pb_blurb_1 et_pb_blurb et_pb_bg_layout_dark et_pb_blurb_position_left et_pb_module et_flex_module\"><div class=\"et_pb_blurb_content et_flex_module\"><div class=\"et_pb_main_blurb_image\"><span class=\"et_pb_image_wrap\"><span class=\"et-pb-icon et_animated et_animated\" title=\"cropped-wak-logo-top.png\">=<\/span><\/span><\/div><div class=\"et_pb_blurb_container\"><h2 class=\"et_pb_module_header\">Wir teilen Informationen<\/h2><div class=\"et_pb_blurb_description\"><p><span>Analyse, Bildung und gesellschaftliche Einordnung. Institute, Initiativen, Vereine, Unternehmen und Einzelpersonen informieren und vernetzen.<\/span><\/p>\n<\/div><\/div><\/div><\/div>\n\n<div class=\"et_pb_blurb_2 et_pb_blurb et_pb_bg_layout_dark et_pb_blurb_position_left et_pb_module et_flex_module\"><div class=\"et_pb_blurb_content et_flex_module\"><div class=\"et_pb_main_blurb_image\"><span class=\"et_pb_image_wrap\"><span class=\"et-pb-icon et_animated et_animated\" title=\"cropped-wak-logo-top.png\">=<\/span><\/span><\/div><div class=\"et_pb_blurb_container\"><h4 class=\"et_pb_module_header\">Wir nehmen Sorgen ernst<\/h4><div class=\"et_pb_blurb_description\"><p><span>Themen aufnehmen, Differenzierungen kl\u00e4ren und jede, auch subjektiv wahrgenommene Bedrohung wahrnehmen und moderiert im Diskurs kl\u00e4ren.<\/span><\/p>\n<\/div><\/div><\/div><\/div>\n\n<div class=\"et_pb_blurb_3 et_pb_blurb et_pb_bg_layout_dark et_pb_blurb_position_left et_pb_module et_flex_module\"><div class=\"et_pb_blurb_content et_flex_module\"><div class=\"et_pb_main_blurb_image\"><span class=\"et_pb_image_wrap\"><span class=\"et-pb-icon et_animated et_animated\" title=\"cropped-wak-logo-top.png\">=<\/span><\/span><\/div><div class=\"et_pb_blurb_container\"><h4 class=\"et_pb_module_header\">Wir h\u00f6ren jeder Person zu, auch Dir.<\/h4><div class=\"et_pb_blurb_description\"><p>Der Faschismus nutz die Demokratie zur Macht\u00fcbernahme um diese dann ersetzen. Der wichtigste Faktor ist jede einzelne Stimme. Deshalb h\u00f6ren wir ALLEN zu, denn jede Person z\u00e4hlt!<\/p>\n<\/div><\/div><\/div><\/div>\n\n<div class=\"et_pb_blurb_4 et_pb_blurb et_pb_bg_layout_dark et_pb_blurb_position_left et_pb_module et_flex_module\"><div class=\"et_pb_blurb_content et_flex_module\"><div class=\"et_pb_main_blurb_image\"><span class=\"et_pb_image_wrap\"><span class=\"et-pb-icon et_animated et_animated\" title=\"cropped-wak-logo-top.png\">=<\/span><\/span><\/div><div class=\"et_pb_blurb_container\"><h4 class=\"et_pb_module_header\">Wir kommunizieren gemeinsam<\/h4><div class=\"et_pb_blurb_description\"><p><span>Zentrale \u00d6ffentlichkeitsarbeit als gemeinsame Drehscheibe f\u00fcr Reichweite und Vermittlung.<\/span><\/p>\n<\/div><\/div><\/div><\/div>\n<\/div>\n<\/div>\n\n<div class=\"et_pb_row_1 et_pb_row et_flex_row\">\n<div class=\"et_pb_column_2 et_pb_column et_flex_column et_pb_column_empty et_pb_css_mix_blend_mode_passthrough et_flex_column_6_24 et_flex_column_12_24_tablet et_flex_column_24_24_phone et_flex_column_6_24_widescreen\"><\/div>\n\n<div class=\"et_pb_column_3 et_pb_column et_flex_column et_pb_column_empty et_pb_css_mix_blend_mode_passthrough et_flex_column_6_24 et_flex_column_12_24_tablet et_flex_column_24_24_phone et_flex_column_6_24_widescreen\"><\/div>\n\n<div class=\"et_pb_column_4 et_pb_column et_flex_column et_pb_css_mix_blend_mode_passthrough et_flex_column_6_24 et_flex_column_12_24_tablet et_flex_column_24_24_phone et_flex_column_6_24_widescreen\">\n<div class=\"et_pb_module et_pb_button_module_wrapper et_pb_button_0_wrapper\"><a class=\"et_pb_button_0 et_pb_button et_pb_bg_layout_light et_animated et_pb_module et_flex_module\" href=\"https:\/\/wakoda.de\/index.php\/kontakt\/\" data-icon=\"5\">Jetzt vernetzen<\/a><\/div>\n<\/div>\n\n<div class=\"et_pb_column_5 et_pb_column et-last-child et_flex_column et_pb_column_empty et_pb_css_mix_blend_mode_passthrough et_flex_column_6_24 et_flex_column_12_24_tablet et_flex_column_24_24_phone et_flex_column_6_24_widescreen\"><\/div>\n<\/div>\n<\/div>\n\n<div class=\"et_pb_section_1 et_pb_section et_section_regular et_block_section\">\n<div class=\"et_pb_row_2 et_pb_row et_flex_row\">\n<div class=\"et_pb_column_6 et_pb_column et_flex_column et_pb_css_mix_blend_mode_passthrough et_flex_column_12_24 et_flex_column_12_24_tablet et_flex_column_24_24_phone et_flex_column_12_24_widescreen\">\n<div class=\"et_pb_blurb_5 et_pb_blurb et_pb_bg_layout_light et_pb_blurb_position_top et_pb_module et_flex_module\"><div class=\"et_pb_blurb_content et_flex_module\"><div class=\"et_pb_main_blurb_image\"><span class=\"et_pb_image_wrap\"><span class=\"et-pb-icon\">\uf4c4<\/span><\/span><\/div><div class=\"et_pb_blurb_container\"><h4 class=\"et_pb_module_header\">Werte & Ethik<\/h4><div class=\"et_pb_blurb_description\"><p><span>Normative Grundlagen, Verantwortung, Haltung, W\u00fcrde und ethische Orientierung f\u00fcr den demokratischen Rahmen.<\/span><\/p>\n<\/div><\/div><\/div><\/div>\n<\/div>\n\n<div class=\"et_pb_column_7 et_pb_column et_flex_column et_pb_css_mix_blend_mode_passthrough et_flex_column_12_24 et_flex_column_12_24_tablet et_flex_column_24_24_phone et_flex_column_12_24_widescreen\">\n<div class=\"et_pb_blurb_6 et_pb_blurb et_pb_bg_layout_light et_pb_blurb_position_top et_pb_module et_flex_module\"><div class=\"et_pb_blurb_content et_flex_module\"><div class=\"et_pb_main_blurb_image\"><span class=\"et_pb_image_wrap\"><span class=\"et-pb-icon\">\uf5dc<\/span><\/span><\/div><div class=\"et_pb_blurb_container\"><h4 class=\"et_pb_module_header\">Aufkl\u00e4rung & Bildung<\/h4><div class=\"et_pb_blurb_description\"><p><span>Verst\u00e4ndlichkeit, Vermittlung, Einordnung und Bildungsarbeit gegen Verk\u00fcrzung, Desinformation und demokratische Ersch\u00f6pfung.<\/span><\/p>\n<\/div><\/div><\/div><\/div>\n<\/div>\n\n<div class=\"et_pb_column_8 et_pb_column et_flex_column et_pb_css_mix_blend_mode_passthrough et_flex_column_12_24 et_flex_column_12_24_tablet et_flex_column_24_24_phone et_flex_column_12_24_widescreen\">\n<div class=\"et_pb_blurb_7 et_pb_blurb et_pb_bg_layout_light et_pb_blurb_position_top et_pb_module et_flex_module\"><div class=\"et_pb_blurb_content et_flex_module\"><div class=\"et_pb_main_blurb_image\"><span class=\"et_pb_image_wrap\"><span class=\"et-pb-icon\">\uf4c0<\/span><\/span><\/div><div class=\"et_pb_blurb_container\"><h4 class=\"et_pb_module_header\">Kapital & Soziales<\/h4><div class=\"et_pb_blurb_description\"><p><span>Soziale Wirkungen \u00f6konomischer Macht, Teilhabe, Ungleichheit, materielle Bedingungen und gesellschaftliche Stabilit\u00e4t.<\/span><\/p>\n<\/div><\/div><\/div><\/div>\n\n<div class=\"et_pb_blurb_8 et_pb_blurb et_pb_bg_layout_light et_pb_blurb_position_top et_pb_module et_flex_module\"><div class=\"et_pb_blurb_content et_flex_module\"><div class=\"et_pb_main_blurb_image\"><span class=\"et_pb_image_wrap\"><span class=\"et-pb-icon\">\uf24e<\/span><\/span><\/div><div class=\"et_pb_blurb_container\"><h4 class=\"et_pb_module_header\">Gewalt & Justiz<\/h4><div class=\"et_pb_blurb_description\"><p><span>Analyse demokratiegef\u00e4hrdender Dynamiken, institutioneller Schutz, Rechtsstaat, Pr\u00e4vention und verantwortliche Einordnung.<\/span><\/p>\n<\/div><\/div><\/div><\/div>\n<\/div>\n\n<div class=\"et_pb_column_9 et_pb_column et-last-child et_flex_column et_pb_css_mix_blend_mode_passthrough et_flex_column_12_24 et_flex_column_12_24_tablet et_flex_column_24_24_phone et_flex_column_12_24_widescreen\">\n<div class=\"et_pb_blurb_9 et_pb_blurb et_pb_bg_layout_light et_pb_blurb_position_top et_pb_module et_flex_module\"><div class=\"et_pb_blurb_content et_flex_module\"><div class=\"et_pb_main_blurb_image\"><span class=\"et_pb_image_wrap\"><span class=\"et-pb-icon\">\uf0ac<\/span><\/span><\/div><div class=\"et_pb_blurb_container\"><h4 class=\"et_pb_module_header\">Klima & Zukunft<\/h4><div class=\"et_pb_blurb_description\"><p><span>Langfristige Perspektiven, Zukunftssicherheit, \u00f6kologische Verantwortung und demokratische Antworten auf strukturelle Krisen.<\/span><\/p>\n<\/div><\/div><\/div><\/div>\n\n<div class=\"et_pb_blurb_10 et_pb_blurb et_pb_bg_layout_light et_pb_blurb_position_top et_pb_module et_flex_module\"><div class=\"et_pb_blurb_content et_flex_module\"><div class=\"et_pb_main_blurb_image\"><span class=\"et_pb_image_wrap\"><span class=\"et-pb-icon\">\uf0c0<\/span><\/span><\/div><div class=\"et_pb_blurb_container\"><h4 class=\"et_pb_module_header\">Gesellschaft<\/h4><div class=\"et_pb_blurb_description\"><p><span>Sozialer Zusammenhalt, kulturelle Verst\u00e4ndigung, Netzwerke, Beteiligung und tragf\u00e4hige demokratische Beziehungen.<\/span><\/p>\n<\/div><\/div><\/div><\/div>\n<\/div>\n<\/div>\n\n<div class=\"et_pb_row_3 et_pb_row et_flex_row\">\n<div class=\"et_pb_column_10 et_pb_column et_flex_column et_pb_css_mix_blend_mode_passthrough et_flex_column_12_24 et_flex_column_12_24_tablet et_flex_column_24_24_phone et_flex_column_12_24_widescreen\">\n<div class=\"et_pb_heading_0 et_pb_heading et_pb_module et_flex_module\"><div class=\"et_pb_heading_container\"><h1 class=\"et_pb_module_header\" data-et-mv-hidden-phone=\"true\">Warum gibt es WAkoDA?<\/h1><\/div><\/div>\n<\/div>\n\n<div class=\"et_pb_column_11 et_pb_column et-last-child et_flex_column et_pb_css_mix_blend_mode_passthrough et_flex_column_12_24 et_flex_column_12_24_tablet et_flex_column_24_24_phone et_flex_column_12_24_widescreen\">\n<div class=\"et_pb_text_2 et_pb_text et_pb_bg_layout_light et_pb_module et_flex_module\"><div class=\"et_pb_text_inner\" data-et-mv-hidden-phone=\"true\"><p><span>WAKODA schafft Raum f\u00fcr Einordnung, Orientierung und konstruktiven Austausch \u2013 dort, wo Polarisierung, Desinformation und demokratische Ersch\u00f6pfung gesellschaftliche Prozesse belasten.<\/span><\/p>\n<\/div><\/div>\n<\/div>\n<\/div>\n\n<div class=\"et_pb_row_4 et_pb_row et_flex_row\">\n<div class=\"et_pb_column_12 et_pb_column et-last-child et_flex_column et_pb_css_mix_blend_mode_passthrough et_flex_column_24_24 et_flex_column_24_24_tablet et_flex_column_24_24_phone et_flex_column_24_24_widescreen\">\n<div class=\"et_pb_text_3 et_pb_text et_pb_bg_layout_light et_pb_module et_flex_module\"><div class=\"et_pb_text_inner\"><p>Gerade in einer Zeit wachsender Polarisierung wird deutlich, wie wichtig Orte f\u00fcr Einordnung, Orientierung und konstruktiven Austausch sind. \u00d6ffentliche Debatten werden oft h\u00e4rter, vereinfachender und lauter gef\u00fchrt. Desinformation verbreitet sich schnell, demokratische Institutionen werden abgewertet, und viele Menschen erleben politische Entwicklungen mit wachsender Unsicherheit oder Ohnmacht.<\/p>\n<p>Genau hier setzen diese Seiten an. Sie sollen einen Beitrag dazu leisten, demokratische Prozesse verst\u00e4ndlicher zu machen, Zusammenh\u00e4nge sichtbar zu halten und eine wertebasierte, kooperative Perspektive zu st\u00e4rken. Im Mittelpunkt steht nicht die Zuspitzung, sondern der sachliche Blick. Nicht Konfrontation um ihrer selbst willen, sondern Verst\u00e4ndigung, Aufkl\u00e4rung und Haltung.<\/p>\n<p>Das Wertebasierte Aktionsb\u00fcndnis f\u00fcr kooperative Demokratie-Absicherung versteht Demokratie als etwas, das gemeinsam getragen werden muss. Demokratie braucht Schutz, Pflege und Weiterentwicklung. Sie wird nicht durch Abschottung gest\u00e4rkt, sondern durch Transparenz. Nicht durch Lautst\u00e4rke, sondern durch nachvollziehbare Argumente. Nicht durch Ausgrenzung, sondern durch klare Werte und verantwortliches Handeln.<\/p>\n<\/div><\/div>\n<\/div>\n<\/div>\n\n<div class=\"et_pb_row_5 et_pb_row et_flex_row\">\n<div class=\"et_pb_column_13 et_pb_column et_flex_column et_pb_css_mix_blend_mode_passthrough et_flex_column_8_24 et_flex_column_8_24_tablet et_flex_column_24_24_phone et_flex_column_8_24_widescreen\">\n<div class=\"et_pb_blurb_11 et_pb_blurb et_pb_bg_layout_light et_pb_blurb_position_top et_pb_module et_flex_module\"><div class=\"et_pb_blurb_content et_flex_module\"><div class=\"et_pb_main_blurb_image\"><span class=\"et_pb_image_wrap\"><span class=\"et-pb-icon\">\uf2bd<\/span><\/span><\/div><div class=\"et_pb_blurb_container\"><h4 class=\"et_pb_module_header\">Menschenw\u00fcrde & Rechtsstaatlichkeit<\/h4><div class=\"et_pb_blurb_description\"><p><span>Demokratische Stabilit\u00e4t beginnt dort, wo W\u00fcrde, Grundrechte und rechtsstaatliche Verfahren nicht relativiert, sondern gesch\u00fctzt und praktisch verteidigt werden.<\/span><\/p>\n<\/div><\/div><\/div><\/div>\n<\/div>\n\n<div class=\"et_pb_column_14 et_pb_column et_flex_column et_pb_css_mix_blend_mode_passthrough et_flex_column_8_24 et_flex_column_8_24_tablet et_flex_column_24_24_phone et_flex_column_8_24_widescreen\">\n<div class=\"et_pb_blurb_12 et_pb_blurb et_pb_bg_layout_light et_pb_blurb_position_top et_pb_module et_flex_module\"><div class=\"et_pb_blurb_content et_flex_module\"><div class=\"et_pb_main_blurb_image\"><span class=\"et_pb_image_wrap\"><span class=\"et-pb-icon\">\uf086<\/span><\/span><\/div><div class=\"et_pb_blurb_container\"><h4 class=\"et_pb_module_header\">Faktenbasierte Kommunikation<\/h4><div class=\"et_pb_blurb_description\"><p><span>Ein belastbarer \u00f6ffentlicher Raum braucht \u00fcberpr\u00fcfbare Informationen, nachvollziehbare Einordnung und die Bereitschaft, Komplexit\u00e4t nicht durch Vereinfachung zu verdr\u00e4ngen.<\/span><\/p>\n<\/div><\/div><\/div><\/div>\n<\/div>\n\n<div class=\"et_pb_column_15 et_pb_column et_flex_column et_pb_css_mix_blend_mode_passthrough et_flex_column_8_24 et_flex_column_8_24_tablet et_flex_column_24_24_phone et_flex_column_8_24_widescreen\">\n<div class=\"et_pb_blurb_13 et_pb_blurb et_pb_bg_layout_light et_pb_blurb_position_top et_pb_module et_flex_module\"><div class=\"et_pb_blurb_content et_flex_module\"><div class=\"et_pb_main_blurb_image\"><span class=\"et_pb_image_wrap\"><span class=\"et-pb-icon\">w<\/span><\/span><\/div><div class=\"et_pb_blurb_container\"><h4 class=\"et_pb_module_header\">Dialogf\u00e4higkeit \u00fcber Grenzen hinweg<\/h4><div class=\"et_pb_blurb_description\"><p><span>Kooperative Demokratie-Absicherung bedeutet, soziale und kulturelle Unterschiede nicht zu nivellieren, sondern produktiv in gemeinsame Verst\u00e4ndigungsr\u00e4ume zu \u00fcbersetzen.<\/span><\/p>\n<\/div><\/div><\/div><\/div>\n<\/div>\n\n<div class=\"et_pb_column_16 et_pb_column et_flex_column et_pb_css_mix_blend_mode_passthrough et_flex_column_8_24 et_flex_column_8_24_tablet et_flex_column_24_24_phone et_flex_column_8_24_widescreen\">\n<div class=\"et_pb_blurb_14 et_pb_blurb et_pb_bg_layout_light et_pb_blurb_position_top et_pb_module et_flex_module\"><div class=\"et_pb_blurb_content et_flex_module\"><div class=\"et_pb_main_blurb_image\"><span class=\"et_pb_image_wrap\"><span class=\"et-pb-icon\">\uf6de<\/span><\/span><\/div><div class=\"et_pb_blurb_container\"><h4 class=\"et_pb_module_header\">Demokratische Resilienz<\/h4><div class=\"et_pb_blurb_description\" data-et-mv-hidden-phone=\"true\"><p><span>Fr\u00fche Wahrnehmung demokratiegef\u00e4hrdender Entwicklungen schafft Handlungssicherheit. Resilienz w\u00e4chst durch Einordnung, Vernetzung und institutionelle Wachsamkeit.<\/span><\/p>\n<\/div><\/div><\/div><\/div>\n<\/div>\n\n<div class=\"et_pb_column_17 et_pb_column et_flex_column et_pb_css_mix_blend_mode_passthrough et_flex_column_8_24 et_flex_column_8_24_tablet et_flex_column_24_24_phone et_flex_column_8_24_widescreen\">\n<div class=\"et_pb_blurb_15 et_pb_blurb et_pb_bg_layout_light et_pb_blurb_position_top et_pb_module et_flex_module\"><div class=\"et_pb_blurb_content et_flex_module\"><div class=\"et_pb_main_blurb_image\"><span class=\"et_pb_image_wrap\"><span class=\"et-pb-icon\">\ue605<\/span><\/span><\/div><div class=\"et_pb_blurb_container\"><h4 class=\"et_pb_module_header\">Lokale Netzwerke & Verantwortung<\/h4><div class=\"et_pb_blurb_description\"><p><span>Demokratie bleibt nur lebendig, wenn sie im Alltag, im lokalen Raum und in zivilgesellschaftlichen Beziehungen konkret praktiziert und gepflegt wird.<\/span><\/p>\n<\/div><\/div><\/div><\/div>\n<\/div>\n\n<div class=\"et_pb_column_18 et_pb_column et-last-child et_flex_column et_pb_css_mix_blend_mode_passthrough et_flex_column_8_24 et_flex_column_8_24_tablet et_flex_column_24_24_phone et_flex_column_8_24_widescreen\">\n<div class=\"et_pb_blurb_16 et_pb_blurb et_pb_bg_layout_light et_pb_blurb_position_top et_pb_module et_flex_module\"><div class=\"et_pb_blurb_content et_flex_module\"><div class=\"et_pb_main_blurb_image\"><span class=\"et_pb_image_wrap\"><span class=\"et-pb-icon\">\ue0a1<\/span><\/span><\/div><div class=\"et_pb_blurb_container\"><h4 class=\"et_pb_module_header\">Konstruktive Alternativen<\/h4><div class=\"et_pb_blurb_description\"><p><span>Kooperative Absicherung hei\u00dft nicht nur Gefahren zu erkennen, sondern Alternativen sichtbar zu machen, Mitwirkung zu f\u00f6rdern und nachvollziehbare Wege des Handelns zu er\u00f6ffnen.<br \/>\n<\/span><\/p>\n<\/div><\/div><\/div><\/div>\n<\/div>\n<\/div>\n\n<div class=\"et_pb_row_6 et_pb_row et_block_row\">\n<div class=\"et_pb_column_19 et_pb_column et_pb_column_4_4 et-last-child et_block_column et_pb_css_mix_blend_mode_passthrough\">\n<div class=\"et_pb_image_0 et_pb_image et_pb_module et_flex_module\"><span class=\"et_pb_image_wrap\"><img loading=\"lazy\" decoding=\"async\" src=\"https:\/\/wakoda.de\/wp-content\/uploads\/2026\/04\/Organigram.jpg\" title=\"Organigram\" width=\"1448\" height=\"1086\" srcset=\"https:\/\/wakoda.de\/wp-content\/uploads\/2026\/04\/Organigram.jpg 1448w, https:\/\/wakoda.de\/wp-content\/uploads\/2026\/04\/Organigram-1280x960.jpg 1280w, https:\/\/wakoda.de\/wp-content\/uploads\/2026\/04\/Organigram-980x735.jpg 980w, https:\/\/wakoda.de\/wp-content\/uploads\/2026\/04\/Organigram-480x360.jpg 480w\" sizes=\"(min-width: 0px) and (max-width: 480px) 480px, (min-width: 481px) and (max-width: 980px) 980px, (min-width: 981px) and (max-width: 1280px) 1280px, (min-width: 1281px) 1448px, 100vw\" class=\"wp-image-475\" \/><\/span><\/div>\n<\/div>\n<\/div>\n<\/div>","protected":false},"excerpt":{"rendered":"","protected":false},"author":1,"featured_media":0,"parent":0,"menu_order":90,"comment_status":"closed","ping_status":"closed","template":"","meta":{"footnotes":""},"class_list":["post-2","page","type-page","status-publish","hentry"],"yoast_head":"<!-- This site is optimized with the Yoast SEO plugin v27.5 - https:\/\/yoast.com\/product\/yoast-seo-wordpress\/ -->\n<title>\u00dcber diese Seiten - WAkoDA<\/title>\n<meta name=\"robots\" content=\"index, follow, max-snippet:-1, max-image-preview:large, max-video-preview:-1\" \/>\n<link rel=\"canonical\" href=\"https:\/\/wakoda.de\/index.php\/sample-page\/\" \/>\n<meta property=\"og:locale\" content=\"de_DE\" \/>\n<meta property=\"og:type\" content=\"article\" \/>\n<meta property=\"og:title\" content=\"\u00dcber diese Seiten - WAkoDA\" \/>\n<meta property=\"og:url\" content=\"https:\/\/wakoda.de\/index.php\/sample-page\/\" \/>\n<meta property=\"og:site_name\" content=\"WAkoDA\" \/>\n<meta property=\"article:publisher\" content=\"https:\/\/www.facebook.com\/WAKODA\" \/>\n<meta property=\"article:modified_time\" content=\"2026-04-25T22:51:26+00:00\" \/>\n<meta name=\"twitter:card\" content=\"summary_large_image\" \/>\n<meta name=\"twitter:label1\" content=\"Gesch\u00e4tzte Lesezeit\" \/>\n\t<meta name=\"twitter:data1\" content=\"2\u00a0Minuten\" \/>\n<script type=\"application\/ld+json\" class=\"yoast-schema-graph\">{\"@context\":\"https:\\\/\\\/schema.org\",\"@graph\":[{\"@type\":\"WebPage\",\"@id\":\"https:\\\/\\\/wakoda.de\\\/index.php\\\/sample-page\\\/\",\"url\":\"https:\\\/\\\/wakoda.de\\\/index.php\\\/sample-page\\\/\",\"name\":\"\u00dcber diese Seiten - WAkoDA\",\"isPartOf\":{\"@id\":\"https:\\\/\\\/wakoda.de\\\/#website\"},\"datePublished\":\"2023-02-13T12:34:45+00:00\",\"dateModified\":\"2026-04-25T22:51:26+00:00\",\"breadcrumb\":{\"@id\":\"https:\\\/\\\/wakoda.de\\\/index.php\\\/sample-page\\\/#breadcrumb\"},\"inLanguage\":\"de\",\"potentialAction\":[{\"@type\":\"ReadAction\",\"target\":[\"https:\\\/\\\/wakoda.de\\\/index.php\\\/sample-page\\\/\"]}]},{\"@type\":\"BreadcrumbList\",\"@id\":\"https:\\\/\\\/wakoda.de\\\/index.php\\\/sample-page\\\/#breadcrumb\",\"itemListElement\":[{\"@type\":\"ListItem\",\"position\":1,\"name\":\"Startseite\",\"item\":\"https:\\\/\\\/wakoda.de\\\/\"},{\"@type\":\"ListItem\",\"position\":2,\"name\":\"\u00dcber diese Seiten\"}]},{\"@type\":\"WebSite\",\"@id\":\"https:\\\/\\\/wakoda.de\\\/#website\",\"url\":\"https:\\\/\\\/wakoda.de\\\/\",\"name\":\"WAkoDA\",\"description\":\"Wertebasiertes Aktionsb\u00fcndnis f\u00fcr kooperative Demokratie-Absicherung.\",\"publisher\":{\"@id\":\"https:\\\/\\\/wakoda.de\\\/#organization\"},\"potentialAction\":[{\"@type\":\"SearchAction\",\"target\":{\"@type\":\"EntryPoint\",\"urlTemplate\":\"https:\\\/\\\/wakoda.de\\\/?s={search_term_string}\"},\"query-input\":{\"@type\":\"PropertyValueSpecification\",\"valueRequired\":true,\"valueName\":\"search_term_string\"}}],\"inLanguage\":\"de\"},{\"@type\":\"Organization\",\"@id\":\"https:\\\/\\\/wakoda.de\\\/#organization\",\"name\":\"WAKODA\",\"url\":\"https:\\\/\\\/wakoda.de\\\/\",\"logo\":{\"@type\":\"ImageObject\",\"inLanguage\":\"de\",\"@id\":\"https:\\\/\\\/wakoda.de\\\/#\\\/schema\\\/logo\\\/image\\\/\",\"url\":\"https:\\\/\\\/wakoda.de\\\/wp-content\\\/uploads\\\/2026\\\/03\\\/cropped-wak-logo-top1.png\",\"contentUrl\":\"https:\\\/\\\/wakoda.de\\\/wp-content\\\/uploads\\\/2026\\\/03\\\/cropped-wak-logo-top1.png\",\"width\":180,\"height\":70,\"caption\":\"WAKODA\"},\"image\":{\"@id\":\"https:\\\/\\\/wakoda.de\\\/#\\\/schema\\\/logo\\\/image\\\/\"},\"sameAs\":[\"https:\\\/\\\/www.facebook.com\\\/WAKODA\"]}]}<\/script>\n<!-- \/ Yoast SEO plugin. -->","yoast_head_json":{"title":"\u00dcber diese Seiten - WAkoDA","robots":{"index":"index","follow":"follow","max-snippet":"max-snippet:-1","max-image-preview":"max-image-preview:large","max-video-preview":"max-video-preview:-1"},"canonical":"https:\/\/wakoda.de\/index.php\/sample-page\/","og_locale":"de_DE","og_type":"article","og_title":"\u00dcber diese Seiten - WAkoDA","og_url":"https:\/\/wakoda.de\/index.php\/sample-page\/","og_site_name":"WAkoDA","article_publisher":"https:\/\/www.facebook.com\/WAKODA","article_modified_time":"2026-04-25T22:51:26+00:00","twitter_card":"summary_large_image","twitter_misc":{"Gesch\u00e4tzte Lesezeit":"2\u00a0Minuten"},"schema":{"@context":"https:\/\/schema.org","@graph":[{"@type":"WebPage","@id":"https:\/\/wakoda.de\/index.php\/sample-page\/","url":"https:\/\/wakoda.de\/index.php\/sample-page\/","name":"\u00dcber diese Seiten - WAkoDA","isPartOf":{"@id":"https:\/\/wakoda.de\/#website"},"datePublished":"2023-02-13T12:34:45+00:00","dateModified":"2026-04-25T22:51:26+00:00","breadcrumb":{"@id":"https:\/\/wakoda.de\/index.php\/sample-page\/#breadcrumb"},"inLanguage":"de","potentialAction":[{"@type":"ReadAction","target":["https:\/\/wakoda.de\/index.php\/sample-page\/"]}]},{"@type":"BreadcrumbList","@id":"https:\/\/wakoda.de\/index.php\/sample-page\/#breadcrumb","itemListElement":[{"@type":"ListItem","position":1,"name":"Startseite","item":"https:\/\/wakoda.de\/"},{"@type":"ListItem","position":2,"name":"\u00dcber diese Seiten"}]},{"@type":"WebSite","@id":"https:\/\/wakoda.de\/#website","url":"https:\/\/wakoda.de\/","name":"WAkoDA","description":"Wertebasiertes Aktionsb\u00fcndnis f\u00fcr kooperative Demokratie-Absicherung.","publisher":{"@id":"https:\/\/wakoda.de\/#organization"},"potentialAction":[{"@type":"SearchAction","target":{"@type":"EntryPoint","urlTemplate":"https:\/\/wakoda.de\/?s={search_term_string}"},"query-input":{"@type":"PropertyValueSpecification","valueRequired":true,"valueName":"search_term_string"}}],"inLanguage":"de"},{"@type":"Organization","@id":"https:\/\/wakoda.de\/#organization","name":"WAKODA","url":"https:\/\/wakoda.de\/","logo":{"@type":"ImageObject","inLanguage":"de","@id":"https:\/\/wakoda.de\/#\/schema\/logo\/image\/","url":"https:\/\/wakoda.de\/wp-content\/uploads\/2026\/03\/cropped-wak-logo-top1.png","contentUrl":"https:\/\/wakoda.de\/wp-content\/uploads\/2026\/03\/cropped-wak-logo-top1.png","width":180,"height":70,"caption":"WAKODA"},"image":{"@id":"https:\/\/wakoda.de\/#\/schema\/logo\/image\/"},"sameAs":["https:\/\/www.facebook.com\/WAKODA"]}]}},"_links":{"self":[{"href":"https:\/\/wakoda.de\/index.php\/wp-json\/wp\/v2\/pages\/2","targetHints":{"allow":["GET"]}}],"collection":[{"href":"https:\/\/wakoda.de\/index.php\/wp-json\/wp\/v2\/pages"}],"about":[{"href":"https:\/\/wakoda.de\/index.php\/wp-json\/wp\/v2\/types\/page"}],"author":[{"embeddable":true,"href":"https:\/\/wakoda.de\/index.php\/wp-json\/wp\/v2\/users\/1"}],"replies":[{"embeddable":true,"href":"https:\/\/wakoda.de\/index.php\/wp-json\/wp\/v2\/comments?post=2"}],"version-history":[{"count":14,"href":"https:\/\/wakoda.de\/index.php\/wp-json\/wp\/v2\/pages\/2\/revisions"}],"predecessor-version":[{"id":476,"href":"https:\/\/wakoda.de\/index.php\/wp-json\/wp\/v2\/pages\/2\/revisions\/476"}],"wp:attachment":[{"href":"https:\/\/wakoda.de\/index.php\/wp-json\/wp\/v2\/media?parent=2"}],"curies":[{"name":"wp","href":"https:\/\/api.w.org\/{rel}","templated":true}]}}