{"id":157,"date":"2023-02-19T09:39:17","date_gmt":"2023-02-19T09:39:17","guid":{"rendered":"https:\/\/wakoda.de\/?page_id=157"},"modified":"2026-04-19T17:46:32","modified_gmt":"2026-04-19T17:46:32","slug":"video-news","status":"publish","type":"page","link":"https:\/\/wakoda.de\/index.php\/video-news\/","title":{"rendered":"Media-Tipps"},"content":{"rendered":"<div class=\"et_pb_section_0 et_pb_section et_section_regular et_block_section\">\n<div class=\"et_pb_row_0 et_pb_row et_flex_row\">\n<div class=\"et_pb_column_0 et_pb_column et_block_column et_pb_css_mix_blend_mode_passthrough et_flex_column_12_24 et_flex_column_12_24_tablet et_flex_column_24_24_phone et_flex_column_12_24_widescreen\">\n<div class=\"et_pb_text_0 et_pb_text et_pb_bg_layout_light et_pb_module et_block_module\"><div class=\"et_pb_text_inner\"><h1>Demokratie verstehen. Verantwortung \u00fcbernehmen.<\/h1>\n<p><!-- wp:social-links --><\/p>\n<ul class=\"wp-block-social-links\"><!-- wp:social-link {\"url\":\"https:\/\/gravatar.com\/mywakoda\",\"service\":\"gravatar\",\"rel\":\"me\"} \/--><\/ul>\n<p><!-- \/wp:social-links --><\/p>\n<\/div><\/div>\n\n<div class=\"et_pb_text_1 et_pb_text et_pb_bg_layout_light et_pb_module et_flex_module\"><div class=\"et_pb_text_inner\"><p><span>Demokratie lebt von informierten Entscheidungen. Diese Seite b\u00fcndelt ausgew\u00e4hlte Medienangebote, die helfen, Zusammenh\u00e4nge zu verstehen, Desinformation zu erkennen und eine stabile Haltung zu entwickeln.<\/span><\/p>\n<\/div><\/div>\n<\/div>\n\n<div class=\"et_pb_column_1 et_pb_column et-last-child et_flex_column et_pb_css_mix_blend_mode_passthrough et_flex_column_12_24 et_flex_column_12_24_tablet et_flex_column_24_24_phone et_flex_column_12_24_widescreen\">\n<div class=\"et_pb_blurb_0 et_pb_blurb et_pb_bg_layout_dark et_pb_blurb_position_top et_pb_module et_flex_module\"><div class=\"et_pb_blurb_content et_flex_module\"><div class=\"et_pb_blurb_container\"><h4 class=\"et_pb_module_header\">Nachrichten & Einordnung<\/h4><div class=\"et_pb_blurb_description\" data-et-mv-hidden-tablet=\"true\"><p><span>Im Mittelpunkt steht nicht die Konfrontation um ihrer selbst willen, sondern sachlicher Blick, nachvollziehbare Argumente und eine kooperative, belastbare demokratische Praxis.<\/span><\/p>\n<\/div><\/div><\/div><\/div>\n\n<div class=\"et_pb_video_0 et_pb_video et_pb_module et_flex_module\"><div class=\"et_pb_video_box\"><iframe loading=\"lazy\" title=\"Extremismus NEU DENKEN mit Matthias Quent und Maja G\u00f6pel\" width=\"1080\" height=\"608\" src=\"https:\/\/www.youtube.com\/embed\/ysX7UyTNiXY?feature=oembed\"  allow=\"accelerometer; autoplay; clipboard-write; encrypted-media; gyroscope; picture-in-picture; web-share\" referrerpolicy=\"strict-origin-when-cross-origin\" allowfullscreen><\/iframe><\/div><\/div>\n<\/div>\n<\/div>\n<\/div>\n\n<div class=\"et_pb_section_1 et_pb_section et_section_regular et_block_section\">\n<div class=\"et_pb_row_1 et_pb_row et_block_row\">\n<div class=\"et_pb_column_2 et_pb_column et_pb_column_4_4 et-last-child et_block_column et_pb_css_mix_blend_mode_passthrough\">\n<div class=\"et_pb_heading_0 et_pb_heading et_pb_module et_flex_module\"><div class=\"et_pb_heading_container\"><h1 class=\"et_pb_module_header\">Mediatipps<\/h1><\/div><\/div>\n<\/div>\n<\/div>\n\n<div class=\"et_pb_row_2 et_pb_row et_flex_row\">\n<div class=\"et_pb_column_3 et_pb_column et_flex_column et_pb_css_mix_blend_mode_passthrough et_flex_column_8_24 et_flex_column_8_24_tablet et_flex_column_24_24_phone et_flex_column_8_24_widescreen\">\n<section class=\"et_pb_fullwidth_header_0 et_pb_fullwidth_header et_pb_bg_layout_dark et_pb_text_align_left et_pb_module et_flex_module\"><div class=\"et_pb_fullwidth_header_container left\"><div class=\"header-content-container center\"><div class=\"header-content et_flex_module\"><img loading=\"lazy\" decoding=\"async\" src=\"https:\/\/wakoda.de\/wp-content\/uploads\/2026\/04\/ard.jpg\" alt=\"Verl\u00e4ssliche Grundlagen statt Reiz\u00fcberflutung\" width=\"1536\" height=\"1024\" srcset=\"https:\/\/wakoda.de\/wp-content\/uploads\/2026\/04\/ard.jpg 1536w, https:\/\/wakoda.de\/wp-content\/uploads\/2026\/04\/ard-1280x853.jpg 1280w, https:\/\/wakoda.de\/wp-content\/uploads\/2026\/04\/ard-980x653.jpg 980w, https:\/\/wakoda.de\/wp-content\/uploads\/2026\/04\/ard-480x320.jpg 480w\" sizes=\"(min-width: 0px) and (max-width: 480px) 480px, (min-width: 481px) and (max-width: 980px) 980px, (min-width: 981px) and (max-width: 1280px) 1280px, (min-width: 1281px) 1536px, 100vw\" class=\"header-logo wp-image-420\" title=\"Verl\u00e4ssliche Medien\" \/><h2 class=\"et_pb_module_header\">Verl\u00e4ssliche Grundlagen statt Reiz\u00fcberflutung<\/h2><span class=\"et_pb_fullwidth_header_subhead\">Nachrichten & Einordnung<\/span><div class=\"et_pb_header_content_wrapper\"><p>Demokratieschutz beginnt mit belastbarer Information. Gute Nachrichtenquellen liefern nicht nur Schlagzeilen, sondern Kontext, Quellenlage und nachvollziehbare Einordnung.<\/p>\n<p>&nbsp;<\/p>\n<\/div><div class=\"et_pb_header_button_wrapper\"><a class=\"et_pb_button et_pb_more_button et_pb_button_one\" href=\"https:\/\/wakoda.de\/index.php\/2026\/04\/05\/verlaessliche-grundlagen-statt-reizueberflutung\/\">Zum Artikel<\/a><\/div><\/div><\/div><\/div><div class=\"et_pb_fullwidth_header_overlay\"><\/div><div class=\"et_pb_fullwidth_header_scroll\"><\/div><\/section>\n<\/div>\n\n<div class=\"et_pb_column_4 et_pb_column et_flex_column et_pb_css_mix_blend_mode_passthrough et_flex_column_8_24 et_flex_column_8_24_tablet et_flex_column_24_24_phone et_flex_column_8_24_widescreen\">\n<section class=\"et_pb_fullwidth_header_1 et_pb_fullwidth_header et_pb_bg_layout_dark et_pb_text_align_left et_pb_module et_flex_module\"><div class=\"et_pb_fullwidth_header_container left\"><div class=\"header-content-container center\"><div class=\"header-content et_flex_module\"><img loading=\"lazy\" decoding=\"async\" src=\"https:\/\/wakoda.de\/wp-content\/uploads\/2026\/04\/Bild_2026-04-05_075535291.jpg\" width=\"1536\" height=\"1024\" srcset=\"https:\/\/wakoda.de\/wp-content\/uploads\/2026\/04\/Bild_2026-04-05_075535291.jpg 1536w, https:\/\/wakoda.de\/wp-content\/uploads\/2026\/04\/Bild_2026-04-05_075535291-1280x853.jpg 1280w, https:\/\/wakoda.de\/wp-content\/uploads\/2026\/04\/Bild_2026-04-05_075535291-980x653.jpg 980w, https:\/\/wakoda.de\/wp-content\/uploads\/2026\/04\/Bild_2026-04-05_075535291-480x320.jpg 480w\" sizes=\"(min-width: 0px) and (max-width: 480px) 480px, (min-width: 481px) and (max-width: 980px) 980px, (min-width: 981px) and (max-width: 1280px) 1280px, (min-width: 1281px) 1536px, 100vw\" class=\"header-logo wp-image-422\" title=\"Wakoda-Podcast-Themen\" \/><h2 class=\"et_pb_module_header\">Komplexe Themen verst\u00e4ndlich aufbereitet<\/h2><span class=\"et_pb_fullwidth_header_subhead\">Podcasts & Hintergrund<\/span><div class=\"et_pb_header_content_wrapper\"><p>Wer demokratische Prozesse wirklich verstehen will, braucht Formate, die \u00fcber die Tagesaktualit\u00e4t hinausgehen. Gute Podcasts schaffen Raum f\u00fcr Differenzierung, Abw\u00e4gung und Tiefensch\u00e4rfe.<\/p>\n<\/div><div class=\"et_pb_header_button_wrapper\"><a class=\"et_pb_button et_pb_more_button et_pb_button_one\" href=\"https:\/\/wakoda.de\/index.php\/2026\/04\/05\/komplexe-themen-verstaendlich-aufbereitet\/\">Zum Artikel<\/a><\/div><\/div><\/div><\/div><div class=\"et_pb_fullwidth_header_overlay\"><\/div><div class=\"et_pb_fullwidth_header_scroll\"><\/div><\/section>\n<\/div>\n\n<div class=\"et_pb_column_5 et_pb_column et_flex_column et_pb_css_mix_blend_mode_passthrough et_flex_column_8_24 et_flex_column_8_24_tablet et_flex_column_24_24_phone et_flex_column_8_24_widescreen\">\n<section class=\"et_pb_fullwidth_header_2 et_pb_fullwidth_header et_pb_bg_layout_dark et_pb_text_align_left et_pb_module et_flex_module\"><div class=\"et_pb_fullwidth_header_container left\"><div class=\"header-content-container center\"><div class=\"header-content et_flex_module\"><img loading=\"lazy\" decoding=\"async\" src=\"https:\/\/wakoda.de\/wp-content\/uploads\/2026\/04\/Bild_2026-04-05_075757948.jpg\" alt=\"Niedrigschwellige politische Bildung mit Reichweite\" width=\"1536\" height=\"1024\" srcset=\"https:\/\/wakoda.de\/wp-content\/uploads\/2026\/04\/Bild_2026-04-05_075757948.jpg 1536w, https:\/\/wakoda.de\/wp-content\/uploads\/2026\/04\/Bild_2026-04-05_075757948-1280x853.jpg 1280w, https:\/\/wakoda.de\/wp-content\/uploads\/2026\/04\/Bild_2026-04-05_075757948-980x653.jpg 980w, https:\/\/wakoda.de\/wp-content\/uploads\/2026\/04\/Bild_2026-04-05_075757948-480x320.jpg 480w\" sizes=\"(min-width: 0px) and (max-width: 480px) 480px, (min-width: 481px) and (max-width: 980px) 980px, (min-width: 981px) and (max-width: 1280px) 1280px, (min-width: 1281px) 1536px, 100vw\" class=\"header-logo wp-image-423\" title=\"Wakoda-Social-Media\" \/><h2 class=\"et_pb_module_header\">Niedrigschwellige politische Bildung mit Reichweite<\/h2><span class=\"et_pb_fullwidth_header_subhead\">YouTube & visuelle Formate<\/span><div class=\"et_pb_header_content_wrapper\"><p>Visuelle Formate erreichen Menschen oft schneller als lange Texte. Entscheidend ist, dass Verst\u00e4ndlichkeit nicht auf Kosten von Genauigkeit geht.<\/p>\n<p>&nbsp;<\/p>\n<\/div><div class=\"et_pb_header_button_wrapper\"><a class=\"et_pb_button et_pb_more_button et_pb_button_one\" href=\"https:\/\/wakoda.de\/index.php\/2026\/04\/05\/niedrigschwellige-politische-bildung-mit-reichweite\/\">Zum Artikel<\/a><\/div><\/div><\/div><\/div><div class=\"et_pb_fullwidth_header_overlay\"><\/div><div class=\"et_pb_fullwidth_header_scroll\"><\/div><\/section>\n<\/div>\n\n<div class=\"et_pb_column_6 et_pb_column et_flex_column et_pb_css_mix_blend_mode_passthrough et_flex_column_8_24 et_flex_column_8_24_tablet et_flex_column_24_24_phone et_flex_column_8_24_widescreen\">\n<section class=\"et_pb_fullwidth_header_3 et_pb_fullwidth_header et_pb_bg_layout_dark et_pb_text_align_left et_pb_module et_flex_module\"><div class=\"et_pb_fullwidth_header_container left\"><div class=\"header-content-container center\"><div class=\"header-content et_flex_module\"><img loading=\"lazy\" decoding=\"async\" src=\"https:\/\/wakoda.de\/wp-content\/uploads\/2026\/04\/Bild_2026-04-05_090737980.jpg\" width=\"1536\" height=\"1024\" srcset=\"https:\/\/wakoda.de\/wp-content\/uploads\/2026\/04\/Bild_2026-04-05_090737980.jpg 1536w, https:\/\/wakoda.de\/wp-content\/uploads\/2026\/04\/Bild_2026-04-05_090737980-1280x853.jpg 1280w, https:\/\/wakoda.de\/wp-content\/uploads\/2026\/04\/Bild_2026-04-05_090737980-980x653.jpg 980w, https:\/\/wakoda.de\/wp-content\/uploads\/2026\/04\/Bild_2026-04-05_090737980-480x320.jpg 480w\" sizes=\"(min-width: 0px) and (max-width: 480px) 480px, (min-width: 481px) and (max-width: 980px) 980px, (min-width: 981px) and (max-width: 1280px) 1280px, (min-width: 1281px) 1536px, 100vw\" class=\"header-logo wp-image-447\" title=\"Fact Check\" \/><h2 class=\"et_pb_module_header\">Manipulation erkennen, Behauptungen pr\u00fcfen<\/h2><span class=\"et_pb_fullwidth_header_subhead\">Faktenchecks & Recherche<\/span><div class=\"et_pb_header_content_wrapper\"><p>Demokratiesch\u00e4dliche Kommunikation arbeitet oft mit Verk\u00fcrzung, Emotionalisierung und gezielter Desinformation. Faktenchecks helfen, Narrative zu entwirren und Behauptungen zu verifizieren.<\/p>\n<p>&nbsp;<\/p>\n<p>&nbsp;<\/p>\n<\/div><div class=\"et_pb_header_button_wrapper\"><a class=\"et_pb_button et_pb_more_button et_pb_button_one\" href=\"https:\/\/wakoda.de\/index.php\/2026\/04\/05\/manipulation-erkennen-behauptungen-pruefen\/\">Zum Artikel<\/a><\/div><\/div><\/div><\/div><div class=\"et_pb_fullwidth_header_overlay\"><\/div><div class=\"et_pb_fullwidth_header_scroll\"><\/div><\/section>\n<\/div>\n\n<div class=\"et_pb_column_7 et_pb_column et_flex_column et_pb_css_mix_blend_mode_passthrough et_flex_column_8_24 et_flex_column_8_24_tablet et_flex_column_24_24_phone et_flex_column_8_24_widescreen\">\n<section class=\"et_pb_fullwidth_header_4 et_pb_fullwidth_header et_pb_bg_layout_dark et_pb_text_align_left et_pb_module et_flex_module\"><div class=\"et_pb_fullwidth_header_container left\"><div class=\"header-content-container center\"><div class=\"header-content et_flex_module\"><img loading=\"lazy\" decoding=\"async\" src=\"https:\/\/wakoda.de\/wp-content\/uploads\/2026\/04\/Bild_2026-04-05_091539079.jpg\" width=\"1536\" height=\"1024\" srcset=\"https:\/\/wakoda.de\/wp-content\/uploads\/2026\/04\/Bild_2026-04-05_091539079.jpg 1536w, https:\/\/wakoda.de\/wp-content\/uploads\/2026\/04\/Bild_2026-04-05_091539079-1280x853.jpg 1280w, https:\/\/wakoda.de\/wp-content\/uploads\/2026\/04\/Bild_2026-04-05_091539079-980x653.jpg 980w, https:\/\/wakoda.de\/wp-content\/uploads\/2026\/04\/Bild_2026-04-05_091539079-480x320.jpg 480w\" sizes=\"(min-width: 0px) and (max-width: 480px) 480px, (min-width: 481px) and (max-width: 980px) 980px, (min-width: 981px) and (max-width: 1280px) 1280px, (min-width: 1281px) 1536px, 100vw\" class=\"header-logo wp-image-450\" title=\"Wissen das Vertrauen schafft\" \/><h2 class=\"et_pb_module_header\">Wissen, das institutionelles Vertrauen st\u00e4rkt<\/h2><span class=\"et_pb_fullwidth_header_subhead\">Bildung & Demokratieverst\u00e4ndnis<\/span><div class=\"et_pb_header_content_wrapper\"><p>Wer demokratische Prozesse wirklich verstehen will, braucht Formate, die \u00fcber die Tagesaktualit\u00e4t hinausgehen. Gute Podcasts schaffen Raum f\u00fcr Differenzierung, Abw\u00e4gung und Tiefensch\u00e4rfe.<\/p>\n<p>&nbsp;<\/p>\n<\/div><div class=\"et_pb_header_button_wrapper\"><a class=\"et_pb_button et_pb_more_button et_pb_button_one\" href=\"https:\/\/wakoda.de\/index.php\/2026\/04\/05\/wissen-das-institutionelles-vertrauen-staerkt\/\">Zum Artikel<\/a><\/div><\/div><\/div><\/div><div class=\"et_pb_fullwidth_header_overlay\"><\/div><div class=\"et_pb_fullwidth_header_scroll\"><\/div><\/section>\n<\/div>\n\n<div class=\"et_pb_column_8 et_pb_column et-last-child et_flex_column et_pb_css_mix_blend_mode_passthrough et_flex_column_8_24 et_flex_column_8_24_tablet et_flex_column_24_24_phone et_flex_column_8_24_widescreen\">\n<section class=\"et_pb_fullwidth_header_5 et_pb_fullwidth_header et_pb_bg_layout_dark et_pb_text_align_left et_pb_module et_flex_module\"><div class=\"et_pb_fullwidth_header_container left\"><div class=\"header-content-container center\"><div class=\"header-content et_flex_module\"><img loading=\"lazy\" decoding=\"async\" src=\"https:\/\/wakoda.de\/wp-content\/uploads\/2026\/04\/Bild_2026-04-05_092127796.jpg\" width=\"1536\" height=\"1024\" srcset=\"https:\/\/wakoda.de\/wp-content\/uploads\/2026\/04\/Bild_2026-04-05_092127796.jpg 1536w, https:\/\/wakoda.de\/wp-content\/uploads\/2026\/04\/Bild_2026-04-05_092127796-1280x853.jpg 1280w, https:\/\/wakoda.de\/wp-content\/uploads\/2026\/04\/Bild_2026-04-05_092127796-980x653.jpg 980w, https:\/\/wakoda.de\/wp-content\/uploads\/2026\/04\/Bild_2026-04-05_092127796-480x320.jpg 480w\" sizes=\"(min-width: 0px) and (max-width: 480px) 480px, (min-width: 481px) and (max-width: 980px) 980px, (min-width: 981px) and (max-width: 1280px) 1280px, (min-width: 1281px) 1536px, 100vw\" class=\"header-logo wp-image-453\" title=\"Demokratie umsetzen\" \/><h2 class=\"et_pb_module_header\">Information in demokratische Praxis \u00fcbersetzen<\/h2><span class=\"et_pb_fullwidth_header_subhead\">Aktiv werden<\/span><div class=\"et_pb_header_content_wrapper\"><p>Gute Information ist nicht das Ende, sondern der Anfang. Demokratie braucht Menschen, die unterscheiden, widersprechen, melden, dokumentieren, unterst\u00fctzen und R\u00e4ume f\u00fcr konstruktive \u00d6ffentlichkeit mit aufbauen.<\/p>\n<\/div><div class=\"et_pb_header_button_wrapper\"><a class=\"et_pb_button et_pb_more_button et_pb_button_one\" href=\"https:\/\/wakoda.de\/index.php\/2026\/04\/05\/information-in-demokratische-praxis-uebersetzen\/\">Zum Artikel<\/a><\/div><\/div><\/div><\/div><div class=\"et_pb_fullwidth_header_overlay\"><\/div><div class=\"et_pb_fullwidth_header_scroll\"><\/div><\/section>\n<\/div>\n<\/div>\n\n<div class=\"et_pb_row_3 et_pb_row et-vb-row--no-module et_flex_row\">\n<div class=\"et_pb_column_9 et_pb_column et-last-child et_flex_column et_pb_column_empty et_pb_css_mix_blend_mode_passthrough et_flex_column_24_24 et_flex_column_24_24_tablet et_flex_column_24_24_phone et_flex_column_24_24_widescreen\"><\/div>\n<\/div>\n<\/div>","protected":false},"excerpt":{"rendered":"","protected":false},"author":1,"featured_media":0,"parent":0,"menu_order":0,"comment_status":"closed","ping_status":"closed","template":"","meta":{"footnotes":""},"class_list":["post-157","page","type-page","status-publish","hentry"],"yoast_head":"<!-- This site is optimized with the Yoast SEO plugin v27.6 - https:\/\/yoast.com\/product\/yoast-seo-wordpress\/ -->\n<title>Media-Tipps - WAkoDA<\/title>\n<meta name=\"robots\" content=\"index, follow, max-snippet:-1, max-image-preview:large, max-video-preview:-1\" \/>\n<link rel=\"canonical\" href=\"https:\/\/wakoda.de\/index.php\/video-news\/\" \/>\n<meta property=\"og:locale\" content=\"de_DE\" \/>\n<meta property=\"og:type\" content=\"article\" \/>\n<meta property=\"og:title\" content=\"Media-Tipps - WAkoDA\" \/>\n<meta property=\"og:url\" content=\"https:\/\/wakoda.de\/index.php\/video-news\/\" \/>\n<meta property=\"og:site_name\" content=\"WAkoDA\" \/>\n<meta property=\"article:publisher\" content=\"https:\/\/www.facebook.com\/WAKODA\" \/>\n<meta property=\"article:modified_time\" content=\"2026-04-19T17:46:32+00:00\" \/>\n<meta name=\"twitter:card\" content=\"summary_large_image\" \/>\n<meta name=\"twitter:label1\" content=\"Gesch\u00e4tzte Lesezeit\" \/>\n\t<meta name=\"twitter:data1\" content=\"1\u00a0Minute\" \/>\n<script type=\"application\/ld+json\" class=\"yoast-schema-graph\">{\"@context\":\"https:\\\/\\\/schema.org\",\"@graph\":[{\"@type\":\"WebPage\",\"@id\":\"https:\\\/\\\/wakoda.de\\\/index.php\\\/video-news\\\/\",\"url\":\"https:\\\/\\\/wakoda.de\\\/index.php\\\/video-news\\\/\",\"name\":\"Media-Tipps - WAkoDA\",\"isPartOf\":{\"@id\":\"https:\\\/\\\/wakoda.de\\\/#website\"},\"datePublished\":\"2023-02-19T09:39:17+00:00\",\"dateModified\":\"2026-04-19T17:46:32+00:00\",\"breadcrumb\":{\"@id\":\"https:\\\/\\\/wakoda.de\\\/index.php\\\/video-news\\\/#breadcrumb\"},\"inLanguage\":\"de\",\"potentialAction\":[{\"@type\":\"ReadAction\",\"target\":[\"https:\\\/\\\/wakoda.de\\\/index.php\\\/video-news\\\/\"]}]},{\"@type\":\"BreadcrumbList\",\"@id\":\"https:\\\/\\\/wakoda.de\\\/index.php\\\/video-news\\\/#breadcrumb\",\"itemListElement\":[{\"@type\":\"ListItem\",\"position\":1,\"name\":\"Startseite\",\"item\":\"https:\\\/\\\/wakoda.de\\\/\"},{\"@type\":\"ListItem\",\"position\":2,\"name\":\"Media-Tipps\"}]},{\"@type\":\"WebSite\",\"@id\":\"https:\\\/\\\/wakoda.de\\\/#website\",\"url\":\"https:\\\/\\\/wakoda.de\\\/\",\"name\":\"WAkoDA\",\"description\":\"Wertebasiertes Aktionsb\u00fcndnis f\u00fcr kooperative Demokratie-Absicherung.\",\"publisher\":{\"@id\":\"https:\\\/\\\/wakoda.de\\\/#organization\"},\"potentialAction\":[{\"@type\":\"SearchAction\",\"target\":{\"@type\":\"EntryPoint\",\"urlTemplate\":\"https:\\\/\\\/wakoda.de\\\/?s={search_term_string}\"},\"query-input\":{\"@type\":\"PropertyValueSpecification\",\"valueRequired\":true,\"valueName\":\"search_term_string\"}}],\"inLanguage\":\"de\"},{\"@type\":\"Organization\",\"@id\":\"https:\\\/\\\/wakoda.de\\\/#organization\",\"name\":\"WAKODA\",\"url\":\"https:\\\/\\\/wakoda.de\\\/\",\"logo\":{\"@type\":\"ImageObject\",\"inLanguage\":\"de\",\"@id\":\"https:\\\/\\\/wakoda.de\\\/#\\\/schema\\\/logo\\\/image\\\/\",\"url\":\"https:\\\/\\\/wakoda.de\\\/wp-content\\\/uploads\\\/2026\\\/03\\\/cropped-wak-logo-top1.png\",\"contentUrl\":\"https:\\\/\\\/wakoda.de\\\/wp-content\\\/uploads\\\/2026\\\/03\\\/cropped-wak-logo-top1.png\",\"width\":180,\"height\":70,\"caption\":\"WAKODA\"},\"image\":{\"@id\":\"https:\\\/\\\/wakoda.de\\\/#\\\/schema\\\/logo\\\/image\\\/\"},\"sameAs\":[\"https:\\\/\\\/www.facebook.com\\\/WAKODA\"]}]}<\/script>\n<!-- \/ Yoast SEO plugin. -->","yoast_head_json":{"title":"Media-Tipps - WAkoDA","robots":{"index":"index","follow":"follow","max-snippet":"max-snippet:-1","max-image-preview":"max-image-preview:large","max-video-preview":"max-video-preview:-1"},"canonical":"https:\/\/wakoda.de\/index.php\/video-news\/","og_locale":"de_DE","og_type":"article","og_title":"Media-Tipps - WAkoDA","og_url":"https:\/\/wakoda.de\/index.php\/video-news\/","og_site_name":"WAkoDA","article_publisher":"https:\/\/www.facebook.com\/WAKODA","article_modified_time":"2026-04-19T17:46:32+00:00","twitter_card":"summary_large_image","twitter_misc":{"Gesch\u00e4tzte Lesezeit":"1\u00a0Minute"},"schema":{"@context":"https:\/\/schema.org","@graph":[{"@type":"WebPage","@id":"https:\/\/wakoda.de\/index.php\/video-news\/","url":"https:\/\/wakoda.de\/index.php\/video-news\/","name":"Media-Tipps - WAkoDA","isPartOf":{"@id":"https:\/\/wakoda.de\/#website"},"datePublished":"2023-02-19T09:39:17+00:00","dateModified":"2026-04-19T17:46:32+00:00","breadcrumb":{"@id":"https:\/\/wakoda.de\/index.php\/video-news\/#breadcrumb"},"inLanguage":"de","potentialAction":[{"@type":"ReadAction","target":["https:\/\/wakoda.de\/index.php\/video-news\/"]}]},{"@type":"BreadcrumbList","@id":"https:\/\/wakoda.de\/index.php\/video-news\/#breadcrumb","itemListElement":[{"@type":"ListItem","position":1,"name":"Startseite","item":"https:\/\/wakoda.de\/"},{"@type":"ListItem","position":2,"name":"Media-Tipps"}]},{"@type":"WebSite","@id":"https:\/\/wakoda.de\/#website","url":"https:\/\/wakoda.de\/","name":"WAkoDA","description":"Wertebasiertes Aktionsb\u00fcndnis f\u00fcr kooperative Demokratie-Absicherung.","publisher":{"@id":"https:\/\/wakoda.de\/#organization"},"potentialAction":[{"@type":"SearchAction","target":{"@type":"EntryPoint","urlTemplate":"https:\/\/wakoda.de\/?s={search_term_string}"},"query-input":{"@type":"PropertyValueSpecification","valueRequired":true,"valueName":"search_term_string"}}],"inLanguage":"de"},{"@type":"Organization","@id":"https:\/\/wakoda.de\/#organization","name":"WAKODA","url":"https:\/\/wakoda.de\/","logo":{"@type":"ImageObject","inLanguage":"de","@id":"https:\/\/wakoda.de\/#\/schema\/logo\/image\/","url":"https:\/\/wakoda.de\/wp-content\/uploads\/2026\/03\/cropped-wak-logo-top1.png","contentUrl":"https:\/\/wakoda.de\/wp-content\/uploads\/2026\/03\/cropped-wak-logo-top1.png","width":180,"height":70,"caption":"WAKODA"},"image":{"@id":"https:\/\/wakoda.de\/#\/schema\/logo\/image\/"},"sameAs":["https:\/\/www.facebook.com\/WAKODA"]}]}},"_links":{"self":[{"href":"https:\/\/wakoda.de\/index.php\/wp-json\/wp\/v2\/pages\/157","targetHints":{"allow":["GET"]}}],"collection":[{"href":"https:\/\/wakoda.de\/index.php\/wp-json\/wp\/v2\/pages"}],"about":[{"href":"https:\/\/wakoda.de\/index.php\/wp-json\/wp\/v2\/types\/page"}],"author":[{"embeddable":true,"href":"https:\/\/wakoda.de\/index.php\/wp-json\/wp\/v2\/users\/1"}],"replies":[{"embeddable":true,"href":"https:\/\/wakoda.de\/index.php\/wp-json\/wp\/v2\/comments?post=157"}],"version-history":[{"count":24,"href":"https:\/\/wakoda.de\/index.php\/wp-json\/wp\/v2\/pages\/157\/revisions"}],"predecessor-version":[{"id":463,"href":"https:\/\/wakoda.de\/index.php\/wp-json\/wp\/v2\/pages\/157\/revisions\/463"}],"wp:attachment":[{"href":"https:\/\/wakoda.de\/index.php\/wp-json\/wp\/v2\/media?parent=157"}],"curies":[{"name":"wp","href":"https:\/\/api.w.org\/{rel}","templated":true}]}}